{"id":8,"date":"2021-12-22T16:35:33","date_gmt":"2021-12-22T16:35:33","guid":{"rendered":"https:\/\/www.juanitobaeza.com\/?page_id=8"},"modified":"2026-02-19T15:46:27","modified_gmt":"2026-02-19T15:46:27","slug":"contacto","status":"publish","type":"page","link":"https:\/\/www.juanitobaeza.com\/?page_id=8","title":{"rendered":"RESERVAS"},"content":{"rendered":"\n<p>Baeza se encuentra en el centro geogr\u00e1fico de la provincia de Ja\u00e9n, a una altitud de 770 metros sobre el nivel del mar.&nbsp;Su acceso&nbsp; por carretera es a trav\u00e9s de la A-316 (Pr\u00f3xima A-95), o por la N-322 (enlazando con la C-326). Est\u00e1 integrada con bastante detalle en la cartograf\u00eda de los principales fabricantes de software para GPS ( busque en el GPS&nbsp;&nbsp;avenida Alcalde Puche Pardo 57).&nbsp;Baeza dispone de una estaci\u00f3n de autobuses interurbanos, a s\u00f3lo 150 metros de nuestro hotel, que conecta con cualquier lugar de nuestra geograf\u00eda. As\u00ed mismo, a&nbsp;tan s\u00f3lo 50 metros, podr\u00e1 encontrar la parada del autob\u00fas urbano que realiza trayectos por las principales arterias&nbsp;de Baeza.&nbsp;Por tren, a trav\u00e9s de la Estaci\u00f3n de Ferrocarril de Linares-Baeza (RENFE), a 15 Km., con comunicaciones a toda Espa\u00f1a.&nbsp;Por aire, el aeropuerto m\u00e1s cercano es el internacional de Granada \u201cFederico Garc\u00eda Lorca\u201d, dista de Baeza 132 km. que ya enlaza las principales capitales de provincia e internacionales. Si desea desplazarse al centro de la ciudad en su autom\u00f3vil dipone de un parking municipal de pago y tambi\u00e9n gratuitos, uno en el mismo coraz\u00f3n del Paseo de Las Murallas (tambi\u00e9n conocido como Paseo de Antonio Machado) y otro a las espaldas de la Iglesia Catedral.<\/p>\n\n\n\n<hr class=\"wp-block-separator\"\/>\n\n\n\n<figure class=\"wp-block-image size-full\"><img loading=\"lazy\" width=\"1009\" height=\"1009\" src=\"https:\/\/www.juanitobaeza.com\/wp-content\/uploads\/2022\/02\/COMPLETO-INVIERNO.jpg\" alt=\"\" class=\"wp-image-215\" srcset=\"https:\/\/www.juanitobaeza.com\/wp-content\/uploads\/2022\/02\/COMPLETO-INVIERNO.jpg 1009w, https:\/\/www.juanitobaeza.com\/wp-content\/uploads\/2022\/02\/COMPLETO-INVIERNO-300x300.jpg 300w, https:\/\/www.juanitobaeza.com\/wp-content\/uploads\/2022\/02\/COMPLETO-INVIERNO-150x150.jpg 150w, https:\/\/www.juanitobaeza.com\/wp-content\/uploads\/2022\/02\/COMPLETO-INVIERNO-768x768.jpg 768w, https:\/\/www.juanitobaeza.com\/wp-content\/uploads\/2022\/02\/COMPLETO-INVIERNO-100x100.jpg 100w\" sizes=\"(max-width: 767px) 89vw, (max-width: 1000px) 54vw, (max-width: 1071px) 543px, 580px\" \/><\/figure>\n\n\n\n<figure class=\"wp-block-image size-full\"><img loading=\"lazy\" width=\"1009\" height=\"1009\" src=\"https:\/\/www.juanitobaeza.com\/wp-content\/uploads\/2025\/09\/regala-juanito.jpg\" alt=\"\" class=\"wp-image-647\" srcset=\"https:\/\/www.juanitobaeza.com\/wp-content\/uploads\/2025\/09\/regala-juanito.jpg 1009w, https:\/\/www.juanitobaeza.com\/wp-content\/uploads\/2025\/09\/regala-juanito-300x300.jpg 300w, https:\/\/www.juanitobaeza.com\/wp-content\/uploads\/2025\/09\/regala-juanito-150x150.jpg 150w, https:\/\/www.juanitobaeza.com\/wp-content\/uploads\/2025\/09\/regala-juanito-768x768.jpg 768w, https:\/\/www.juanitobaeza.com\/wp-content\/uploads\/2025\/09\/regala-juanito-100x100.jpg 100w\" sizes=\"(max-width: 767px) 89vw, (max-width: 1000px) 54vw, (max-width: 1071px) 543px, 580px\" \/><\/figure>\n\n\n\n<h2>Direcci\u00f3n:<\/h2>\n\n\n\n<p>Avenida Alcalde Puche Pardo n\u00ba 59<br>C\u00f3digo postal: 23440<br>BAEZA (JA\u00c9N)<br>Tel\u00e9fonos:<br>-695 09 25 46<br>-953 74 00 40<br>Correo electr\u00f3nico: <a href=\"mailto:juanitobaeza@gmail.com\">juanitobaeza@gmail.com<\/a><\/p>\n","protected":false},"excerpt":{"rendered":"<p>Baeza se encuentra en el centro geogr\u00e1fico de la provincia de Ja\u00e9n, a una altitud de 770 metros sobre el nivel del mar.&nbsp;Su acceso&nbsp; por carretera es a trav\u00e9s de la A-316 (Pr\u00f3xima A-95), o por la N-322 (enlazando con la C-326). Est\u00e1 integrada con bastante detalle en la cartograf\u00eda de los principales fabricantes de &hellip; <\/p>\n<p class=\"link-more\"><a href=\"https:\/\/www.juanitobaeza.com\/?page_id=8\" class=\"more-link\">Continuar leyendo<span class=\"screen-reader-text\"> \u00abRESERVAS\u00bb<\/span><\/a><\/p>\n","protected":false},"author":1,"featured_media":0,"parent":0,"menu_order":0,"comment_status":"closed","ping_status":"closed","template":"","meta":[],"_links":{"self":[{"href":"https:\/\/www.juanitobaeza.com\/index.php?rest_route=\/wp\/v2\/pages\/8"}],"collection":[{"href":"https:\/\/www.juanitobaeza.com\/index.php?rest_route=\/wp\/v2\/pages"}],"about":[{"href":"https:\/\/www.juanitobaeza.com\/index.php?rest_route=\/wp\/v2\/types\/page"}],"author":[{"embeddable":true,"href":"https:\/\/www.juanitobaeza.com\/index.php?rest_route=\/wp\/v2\/users\/1"}],"replies":[{"embeddable":true,"href":"https:\/\/www.juanitobaeza.com\/index.php?rest_route=%2Fwp%2Fv2%2Fcomments&post=8"}],"version-history":[{"count":37,"href":"https:\/\/www.juanitobaeza.com\/index.php?rest_route=\/wp\/v2\/pages\/8\/revisions"}],"predecessor-version":[{"id":701,"href":"https:\/\/www.juanitobaeza.com\/index.php?rest_route=\/wp\/v2\/pages\/8\/revisions\/701"}],"wp:attachment":[{"href":"https:\/\/www.juanitobaeza.com\/index.php?rest_route=%2Fwp%2Fv2%2Fmedia&parent=8"}],"curies":[{"name":"wp","href":"https:\/\/api.w.org\/{rel}","templated":true}]}}