{"id":38,"date":"2021-12-22T16:43:04","date_gmt":"2021-12-22T16:43:04","guid":{"rendered":"https:\/\/www.juanitobaeza.com\/?page_id=38"},"modified":"2023-06-27T19:51:37","modified_gmt":"2023-06-27T19:51:37","slug":"hotel","status":"publish","type":"page","link":"https:\/\/www.juanitobaeza.com\/?page_id=38","title":{"rendered":"Hotel"},"content":{"rendered":"\n<p class=\"has-text-align-center has-vivid-cyan-blue-color has-text-color\">Actualmente s\u00f3lo atendemos grupos, para m\u00e1s informaci\u00f3n contacte con nuestro correo electr\u00f3nico: juanitobaeza@gmail.com<\/p>\n\n\n\n<hr class=\"wp-block-separator is-style-wide\"\/>\n\n\n\n<p>El Hotel Juanito est\u00e1 situado en una zona tranquila y residencial de Baeza, junto al paseo del Arca del Agua, coqueto y frondoso vergel que en estaciones templadas, podr\u00e1 disfrutar de su&nbsp; permanente aroma a rosas y azahar, de su silencio, roto s\u00f3lo por el rumor de sus fuentes.<\/p>\n\n\n\n<p>Las habitaciones est\u00e1n dotadas de ba\u00f1o con secador de cabello, amenities, aire acondicionado, calefacci\u00f3n y televisi\u00f3n. WI-FI GRATUITO en todo el hotel.<\/p>\n\n\n\n<p>Servicio de restaurante a la carta, cafeter\u00eda y terraza en primavera-verano.<\/p>\n\n\n\n<p>Su proximidad al polideportivo municipal, le brindar\u00e1 la ocasi\u00f3n de utilizar sus pistas de atletismo,&nbsp;tenis, piscina municipal ol\u00edmpica e h\u00edpica en temporada, gimnasio y squash, previa contrataci\u00f3n.<\/p>\n\n\n\n<p>Adem\u00e1s el Hotel le ofrece un amplio parking. <\/p>\n\n\n\n<p class=\"has-vivid-red-color has-text-color\"><em>Nuestro hotel est\u00e1 inscrito en el Registro de Turismo de Andaluc\u00eda como establecimiento hotelero con n\u00famero de Inscripci\u00f3n en el Registro H\/JA\/00326, denominaci\u00f3n \u00abJUANITO\u00bb, categor\u00eda HOTEL 3 ESTRELLAS, modalidad CIUDAD, con 36 unidades de alojamiento, de las cuales 28 son Dobles y 7 Individuales y una suite con un total de 65 plazas y Titular \u00abHOTEL JUANITO, C.B.\u00bb<\/em><\/p>\n","protected":false},"excerpt":{"rendered":"<p>Actualmente s\u00f3lo atendemos grupos, para m\u00e1s informaci\u00f3n contacte con nuestro correo electr\u00f3nico: juanitobaeza@gmail.com El Hotel Juanito est\u00e1 situado en una zona tranquila y residencial de Baeza, junto al paseo del Arca del Agua, coqueto y frondoso vergel que en estaciones templadas, podr\u00e1 disfrutar de su&nbsp; permanente aroma a rosas y azahar, de su silencio, roto &hellip; <\/p>\n<p class=\"link-more\"><a href=\"https:\/\/www.juanitobaeza.com\/?page_id=38\" class=\"more-link\">Continuar leyendo<span class=\"screen-reader-text\"> \u00abHotel\u00bb<\/span><\/a><\/p>\n","protected":false},"author":1,"featured_media":0,"parent":0,"menu_order":0,"comment_status":"closed","ping_status":"closed","template":"","meta":[],"_links":{"self":[{"href":"https:\/\/www.juanitobaeza.com\/index.php?rest_route=\/wp\/v2\/pages\/38"}],"collection":[{"href":"https:\/\/www.juanitobaeza.com\/index.php?rest_route=\/wp\/v2\/pages"}],"about":[{"href":"https:\/\/www.juanitobaeza.com\/index.php?rest_route=\/wp\/v2\/types\/page"}],"author":[{"embeddable":true,"href":"https:\/\/www.juanitobaeza.com\/index.php?rest_route=\/wp\/v2\/users\/1"}],"replies":[{"embeddable":true,"href":"https:\/\/www.juanitobaeza.com\/index.php?rest_route=%2Fwp%2Fv2%2Fcomments&post=38"}],"version-history":[{"count":6,"href":"https:\/\/www.juanitobaeza.com\/index.php?rest_route=\/wp\/v2\/pages\/38\/revisions"}],"predecessor-version":[{"id":412,"href":"https:\/\/www.juanitobaeza.com\/index.php?rest_route=\/wp\/v2\/pages\/38\/revisions\/412"}],"wp:attachment":[{"href":"https:\/\/www.juanitobaeza.com\/index.php?rest_route=%2Fwp%2Fv2%2Fmedia&parent=38"}],"curies":[{"name":"wp","href":"https:\/\/api.w.org\/{rel}","templated":true}]}}