{"id":36,"date":"2021-12-22T16:42:45","date_gmt":"2021-12-22T16:42:45","guid":{"rendered":"https:\/\/www.juanitobaeza.com\/?page_id=36"},"modified":"2026-02-19T15:45:45","modified_gmt":"2026-02-19T15:45:45","slug":"restaurante","status":"publish","type":"page","link":"https:\/\/www.juanitobaeza.com\/?page_id=36","title":{"rendered":"Restaurante"},"content":{"rendered":"\n<hr class=\"wp-block-separator is-style-wide\"\/>\n\n\n\n<hr class=\"wp-block-separator is-style-wide\"\/>\n\n\n\n<figure class=\"wp-block-image size-full\"><img loading=\"lazy\" width=\"1009\" height=\"1009\" src=\"https:\/\/www.juanitobaeza.com\/wp-content\/uploads\/2022\/02\/COMPLETO-INVIERNO.jpg\" alt=\"\" class=\"wp-image-215\" srcset=\"https:\/\/www.juanitobaeza.com\/wp-content\/uploads\/2022\/02\/COMPLETO-INVIERNO.jpg 1009w, https:\/\/www.juanitobaeza.com\/wp-content\/uploads\/2022\/02\/COMPLETO-INVIERNO-300x300.jpg 300w, https:\/\/www.juanitobaeza.com\/wp-content\/uploads\/2022\/02\/COMPLETO-INVIERNO-150x150.jpg 150w, https:\/\/www.juanitobaeza.com\/wp-content\/uploads\/2022\/02\/COMPLETO-INVIERNO-768x768.jpg 768w, https:\/\/www.juanitobaeza.com\/wp-content\/uploads\/2022\/02\/COMPLETO-INVIERNO-100x100.jpg 100w\" sizes=\"(max-width: 767px) 89vw, (max-width: 1000px) 54vw, (max-width: 1071px) 543px, 580px\" \/><\/figure>\n\n\n\n<figure class=\"wp-block-image size-full\"><img loading=\"lazy\" width=\"1009\" height=\"1009\" src=\"https:\/\/www.juanitobaeza.com\/wp-content\/uploads\/2025\/09\/regala-juanito.jpg\" alt=\"\" class=\"wp-image-647\" srcset=\"https:\/\/www.juanitobaeza.com\/wp-content\/uploads\/2025\/09\/regala-juanito.jpg 1009w, https:\/\/www.juanitobaeza.com\/wp-content\/uploads\/2025\/09\/regala-juanito-300x300.jpg 300w, https:\/\/www.juanitobaeza.com\/wp-content\/uploads\/2025\/09\/regala-juanito-150x150.jpg 150w, https:\/\/www.juanitobaeza.com\/wp-content\/uploads\/2025\/09\/regala-juanito-768x768.jpg 768w, https:\/\/www.juanitobaeza.com\/wp-content\/uploads\/2025\/09\/regala-juanito-100x100.jpg 100w\" sizes=\"(max-width: 767px) 89vw, (max-width: 1000px) 54vw, (max-width: 1071px) 543px, 580px\" \/><\/figure>\n\n\n\n<hr class=\"wp-block-separator aligncenter is-style-wide\"\/>\n\n\n\n<p><\/p>\n\n\n\n<p>El Restaurante Juanito atiende a la cocina tradicional, se sujeta en el uso de los variados aceites de oliva virgen extra producidos en nuestra provincia. Sus fogones desprenden aroma a estofados, adobos y escabeches, a base de hierbas arom\u00e1ticas y de carnes procedentes de la caza mayor y menor que nos concede nuestras cercanas sierras, verduras de nuestra huerta adem\u00e1s de las esenciales sopas fr\u00edas de nuestra provincia. Postres de clara influencia moz\u00e1rabe, elaborados de forma artesanal en nuestra cocina, y todo ello regado con una bodega que les ofrece caldos de las principales denominaciones de origen a trav\u00e9s de m\u00e1s de 500 referencias. Nuestra cocina ha evolucionado lo necesario, sus recetas se gestionan como siempre, quiz\u00e1s con un toque m\u00e1s crom\u00e1tico y una sutil deducci\u00f3n del uso de nuestros distintos aceites de oliva v\u00edrgenes, pero respetando siempre el car\u00e1cter que Luisa ha dotado a sus recetas.<\/p>\n\n\n\n<div class=\"wp-container-1 wp-block-buttons\">\n<div class=\"wp-block-button aligncenter\"><a class=\"wp-block-button__link\" href=\"https:\/\/www.juanitobaeza.com\/sites\/all\/themes\/business\/images\/Fotos\/carta.pdf\" target=\"_blank\" rel=\"noreferrer noopener\">PULSE  PARA  OBTENER  LA  CARTA\/MEN\u00da  DE  NUESTRO  RESTAURANTE<\/a><\/div>\n<\/div>\n\n\n\n<hr class=\"wp-block-separator is-style-wide\"\/>\n\n\n\n<figure class=\"wp-block-image size-large\"><img loading=\"lazy\" width=\"800\" height=\"533\" src=\"https:\/\/www.juanitobaeza.com\/wp-content\/uploads\/2021\/12\/7.jpg\" alt=\"\" class=\"wp-image-60\" srcset=\"https:\/\/www.juanitobaeza.com\/wp-content\/uploads\/2021\/12\/7.jpg 800w, https:\/\/www.juanitobaeza.com\/wp-content\/uploads\/2021\/12\/7-300x200.jpg 300w, https:\/\/www.juanitobaeza.com\/wp-content\/uploads\/2021\/12\/7-768x512.jpg 768w\" sizes=\"(max-width: 767px) 89vw, (max-width: 1000px) 54vw, (max-width: 1071px) 543px, 580px\" \/><figcaption><em>Entrada al restaurante<\/em><\/figcaption><\/figure>\n\n\n\n<figure class=\"wp-block-image size-large\"><img loading=\"lazy\" width=\"800\" height=\"533\" src=\"https:\/\/www.juanitobaeza.com\/wp-content\/uploads\/2021\/12\/1.jpg\" alt=\"\" class=\"wp-image-54\" srcset=\"https:\/\/www.juanitobaeza.com\/wp-content\/uploads\/2021\/12\/1.jpg 800w, https:\/\/www.juanitobaeza.com\/wp-content\/uploads\/2021\/12\/1-300x200.jpg 300w, https:\/\/www.juanitobaeza.com\/wp-content\/uploads\/2021\/12\/1-768x512.jpg 768w\" sizes=\"(max-width: 767px) 89vw, (max-width: 1000px) 54vw, (max-width: 1071px) 543px, 580px\" \/><figcaption><em>Vista general de nuestro comedor interior<\/em><\/figcaption><\/figure>\n\n\n\n<figure class=\"wp-block-image size-large\"><img loading=\"lazy\" width=\"800\" height=\"533\" src=\"https:\/\/www.juanitobaeza.com\/wp-content\/uploads\/2021\/12\/2.jpg\" alt=\"\" class=\"wp-image-55\" srcset=\"https:\/\/www.juanitobaeza.com\/wp-content\/uploads\/2021\/12\/2.jpg 800w, https:\/\/www.juanitobaeza.com\/wp-content\/uploads\/2021\/12\/2-300x200.jpg 300w, https:\/\/www.juanitobaeza.com\/wp-content\/uploads\/2021\/12\/2-768x512.jpg 768w\" sizes=\"(max-width: 767px) 89vw, (max-width: 1000px) 54vw, (max-width: 1071px) 543px, 580px\" \/><figcaption><em>Vista general de nuestra bodega<\/em><\/figcaption><\/figure>\n\n\n\n<hr class=\"wp-block-separator is-style-wide\"\/>\n\n\n\n<figure class=\"wp-block-image size-full\"><img loading=\"lazy\" width=\"768\" height=\"512\" src=\"https:\/\/www.juanitobaeza.com\/wp-content\/uploads\/2024\/09\/PICHON-ESTOFADO-1.jpg\" alt=\"\" class=\"wp-image-522\" srcset=\"https:\/\/www.juanitobaeza.com\/wp-content\/uploads\/2024\/09\/PICHON-ESTOFADO-1.jpg 768w, https:\/\/www.juanitobaeza.com\/wp-content\/uploads\/2024\/09\/PICHON-ESTOFADO-1-300x200.jpg 300w\" sizes=\"(max-width: 767px) 89vw, (max-width: 1000px) 54vw, (max-width: 1071px) 543px, 580px\" \/><figcaption>Pich\u00f3n de Bresse Estofado como antes<\/figcaption><\/figure>\n\n\n\n<figure class=\"wp-block-image size-large\"><img loading=\"lazy\" width=\"800\" height=\"533\" src=\"https:\/\/www.juanitobaeza.com\/wp-content\/uploads\/2021\/12\/3.jpg\" alt=\"\" class=\"wp-image-56\" srcset=\"https:\/\/www.juanitobaeza.com\/wp-content\/uploads\/2021\/12\/3.jpg 800w, https:\/\/www.juanitobaeza.com\/wp-content\/uploads\/2021\/12\/3-300x200.jpg 300w, https:\/\/www.juanitobaeza.com\/wp-content\/uploads\/2021\/12\/3-768x512.jpg 768w\" sizes=\"(max-width: 767px) 89vw, (max-width: 1000px) 54vw, (max-width: 1071px) 543px, 580px\" \/><figcaption><em>Patatas a lo Pobre con Lomo de Orza en Adobo<\/em><\/figcaption><\/figure>\n\n\n\n<figure class=\"wp-block-image size-large\"><img loading=\"lazy\" width=\"800\" height=\"533\" src=\"https:\/\/www.juanitobaeza.com\/wp-content\/uploads\/2021\/12\/4.jpg\" alt=\"\" class=\"wp-image-57\" srcset=\"https:\/\/www.juanitobaeza.com\/wp-content\/uploads\/2021\/12\/4.jpg 800w, https:\/\/www.juanitobaeza.com\/wp-content\/uploads\/2021\/12\/4-300x200.jpg 300w, https:\/\/www.juanitobaeza.com\/wp-content\/uploads\/2021\/12\/4-768x512.jpg 768w\" sizes=\"(max-width: 767px) 89vw, (max-width: 1000px) 54vw, (max-width: 1071px) 543px, 580px\" \/><figcaption><em>Paletilla de Cabrito asado en AOVE<\/em><\/figcaption><\/figure>\n\n\n\n<figure class=\"wp-block-image size-large\"><img loading=\"lazy\" width=\"800\" height=\"533\" src=\"https:\/\/www.juanitobaeza.com\/wp-content\/uploads\/2021\/12\/5.jpg\" alt=\"\" class=\"wp-image-58\" srcset=\"https:\/\/www.juanitobaeza.com\/wp-content\/uploads\/2021\/12\/5.jpg 800w, https:\/\/www.juanitobaeza.com\/wp-content\/uploads\/2021\/12\/5-300x200.jpg 300w, https:\/\/www.juanitobaeza.com\/wp-content\/uploads\/2021\/12\/5-768x512.jpg 768w\" sizes=\"(max-width: 767px) 89vw, (max-width: 1000px) 54vw, (max-width: 1071px) 543px, 580px\" \/><figcaption><em>Bizcocho con Crema de Naranja y Chocolate Templado<\/em><\/figcaption><\/figure>\n\n\n\n<figure class=\"wp-block-image size-large\"><img loading=\"lazy\" width=\"800\" height=\"533\" src=\"https:\/\/www.juanitobaeza.com\/wp-content\/uploads\/2021\/12\/6.jpg\" alt=\"\" class=\"wp-image-59\" srcset=\"https:\/\/www.juanitobaeza.com\/wp-content\/uploads\/2021\/12\/6.jpg 800w, https:\/\/www.juanitobaeza.com\/wp-content\/uploads\/2021\/12\/6-300x200.jpg 300w, https:\/\/www.juanitobaeza.com\/wp-content\/uploads\/2021\/12\/6-768x512.jpg 768w\" sizes=\"(max-width: 767px) 89vw, (max-width: 1000px) 54vw, (max-width: 1071px) 543px, 580px\" \/><figcaption><em>Bacalao con sus Ajos en AOVE<\/em><\/figcaption><\/figure>\n\n\n\n<figure class=\"wp-block-image size-full\"><img loading=\"lazy\" width=\"768\" height=\"512\" src=\"https:\/\/www.juanitobaeza.com\/wp-content\/uploads\/2023\/02\/BACALAO-BAEZA.jpg\" alt=\"\" class=\"wp-image-356\" srcset=\"https:\/\/www.juanitobaeza.com\/wp-content\/uploads\/2023\/02\/BACALAO-BAEZA.jpg 768w, https:\/\/www.juanitobaeza.com\/wp-content\/uploads\/2023\/02\/BACALAO-BAEZA-300x200.jpg 300w\" sizes=\"(max-width: 767px) 89vw, (max-width: 1000px) 54vw, (max-width: 1071px) 543px, 580px\" \/><figcaption><em>Bacalao estilo Baeza<\/em><\/figcaption><\/figure>\n\n\n\n<figure class=\"wp-block-image size-full\"><img loading=\"lazy\" width=\"768\" height=\"512\" src=\"https:\/\/www.juanitobaeza.com\/wp-content\/uploads\/2023\/02\/BACALAO-PISTO.jpg\" alt=\"\" class=\"wp-image-358\" srcset=\"https:\/\/www.juanitobaeza.com\/wp-content\/uploads\/2023\/02\/BACALAO-PISTO.jpg 768w, https:\/\/www.juanitobaeza.com\/wp-content\/uploads\/2023\/02\/BACALAO-PISTO-300x200.jpg 300w\" sizes=\"(max-width: 767px) 89vw, (max-width: 1000px) 54vw, (max-width: 1071px) 543px, 580px\" \/><figcaption><em>Bacalao con Pisto<\/em><\/figcaption><\/figure>\n\n\n\n<figure class=\"wp-block-image size-full\"><img loading=\"lazy\" width=\"768\" height=\"512\" src=\"https:\/\/www.juanitobaeza.com\/wp-content\/uploads\/2023\/02\/8127214.jpg\" alt=\"\" class=\"wp-image-361\" srcset=\"https:\/\/www.juanitobaeza.com\/wp-content\/uploads\/2023\/02\/8127214.jpg 768w, https:\/\/www.juanitobaeza.com\/wp-content\/uploads\/2023\/02\/8127214-300x200.jpg 300w\" sizes=\"(max-width: 767px) 89vw, (max-width: 1000px) 54vw, (max-width: 1071px) 543px, 580px\" \/><figcaption><em>Perdiz en Escabeche con Setas y Hongos<\/em><\/figcaption><\/figure>\n\n\n\n<figure class=\"wp-block-image size-full\"><img loading=\"lazy\" width=\"768\" height=\"512\" src=\"https:\/\/www.juanitobaeza.com\/wp-content\/uploads\/2023\/02\/rabo-de-buey-2.jpg\" alt=\"\" class=\"wp-image-364\" srcset=\"https:\/\/www.juanitobaeza.com\/wp-content\/uploads\/2023\/02\/rabo-de-buey-2.jpg 768w, https:\/\/www.juanitobaeza.com\/wp-content\/uploads\/2023\/02\/rabo-de-buey-2-300x200.jpg 300w\" sizes=\"(max-width: 767px) 89vw, (max-width: 1000px) 54vw, (max-width: 1071px) 543px, 580px\" \/><figcaption><em>Rabo de Toro en Estofado Tradicional<\/em><\/figcaption><\/figure>\n\n\n\n<figure class=\"wp-block-image size-full\"><img loading=\"lazy\" width=\"768\" height=\"512\" src=\"https:\/\/www.juanitobaeza.com\/wp-content\/uploads\/2023\/02\/PSM5743.jpg\" alt=\"\" class=\"wp-image-362\" srcset=\"https:\/\/www.juanitobaeza.com\/wp-content\/uploads\/2023\/02\/PSM5743.jpg 768w, https:\/\/www.juanitobaeza.com\/wp-content\/uploads\/2023\/02\/PSM5743-300x200.jpg 300w\" sizes=\"(max-width: 767px) 89vw, (max-width: 1000px) 54vw, (max-width: 1071px) 543px, 580px\" \/><figcaption><em>Postre de Juanito<\/em><\/figcaption><\/figure>\n\n\n\n<figure class=\"wp-block-image size-full\"><img loading=\"lazy\" width=\"768\" height=\"512\" src=\"https:\/\/www.juanitobaeza.com\/wp-content\/uploads\/2023\/02\/calahorra_DSC4400.jpg\" alt=\"\" class=\"wp-image-363\" srcset=\"https:\/\/www.juanitobaeza.com\/wp-content\/uploads\/2023\/02\/calahorra_DSC4400.jpg 768w, https:\/\/www.juanitobaeza.com\/wp-content\/uploads\/2023\/02\/calahorra_DSC4400-300x200.jpg 300w\" sizes=\"(max-width: 767px) 89vw, (max-width: 1000px) 54vw, (max-width: 1071px) 543px, 580px\" \/><figcaption><em>Calahorra con Crema de Almendra Amarga<\/em><\/figcaption><\/figure>\n\n\n\n<figure class=\"wp-block-image size-full\"><img loading=\"lazy\" width=\"768\" height=\"512\" src=\"https:\/\/www.juanitobaeza.com\/wp-content\/uploads\/2023\/02\/torrija-de-Juanito-Baeza-plato-cena-solidaria_PSM1197.jpg\" alt=\"\" class=\"wp-image-365\" srcset=\"https:\/\/www.juanitobaeza.com\/wp-content\/uploads\/2023\/02\/torrija-de-Juanito-Baeza-plato-cena-solidaria_PSM1197.jpg 768w, https:\/\/www.juanitobaeza.com\/wp-content\/uploads\/2023\/02\/torrija-de-Juanito-Baeza-plato-cena-solidaria_PSM1197-300x200.jpg 300w\" sizes=\"(max-width: 767px) 89vw, (max-width: 1000px) 54vw, (max-width: 1071px) 543px, 580px\" \/><figcaption><em>Torrija Caramelizada sobre Gachas y sus Tostones<\/em><\/figcaption><\/figure>\n","protected":false},"excerpt":{"rendered":"<p>El Restaurante Juanito atiende a la cocina tradicional, se sujeta en el uso de los variados aceites de oliva virgen extra producidos en nuestra provincia. Sus fogones desprenden aroma a estofados, adobos y escabeches, a base de hierbas arom\u00e1ticas y de carnes procedentes de la caza mayor y menor que nos concede nuestras cercanas sierras, &hellip; <\/p>\n<p class=\"link-more\"><a href=\"https:\/\/www.juanitobaeza.com\/?page_id=36\" class=\"more-link\">Continuar leyendo<span class=\"screen-reader-text\"> \u00abRestaurante\u00bb<\/span><\/a><\/p>\n","protected":false},"author":1,"featured_media":0,"parent":0,"menu_order":0,"comment_status":"closed","ping_status":"closed","template":"","meta":[],"_links":{"self":[{"href":"https:\/\/www.juanitobaeza.com\/index.php?rest_route=\/wp\/v2\/pages\/36"}],"collection":[{"href":"https:\/\/www.juanitobaeza.com\/index.php?rest_route=\/wp\/v2\/pages"}],"about":[{"href":"https:\/\/www.juanitobaeza.com\/index.php?rest_route=\/wp\/v2\/types\/page"}],"author":[{"embeddable":true,"href":"https:\/\/www.juanitobaeza.com\/index.php?rest_route=\/wp\/v2\/users\/1"}],"replies":[{"embeddable":true,"href":"https:\/\/www.juanitobaeza.com\/index.php?rest_route=%2Fwp%2Fv2%2Fcomments&post=36"}],"version-history":[{"count":88,"href":"https:\/\/www.juanitobaeza.com\/index.php?rest_route=\/wp\/v2\/pages\/36\/revisions"}],"predecessor-version":[{"id":699,"href":"https:\/\/www.juanitobaeza.com\/index.php?rest_route=\/wp\/v2\/pages\/36\/revisions\/699"}],"wp:attachment":[{"href":"https:\/\/www.juanitobaeza.com\/index.php?rest_route=%2Fwp%2Fv2%2Fmedia&parent=36"}],"curies":[{"name":"wp","href":"https:\/\/api.w.org\/{rel}","templated":true}]}}