{"id":104,"date":"2021-12-23T12:10:28","date_gmt":"2021-12-23T12:10:28","guid":{"rendered":"https:\/\/www.juanitobaeza.com\/?page_id=104"},"modified":"2023-02-23T04:05:26","modified_gmt":"2023-02-23T04:05:26","slug":"historia","status":"publish","type":"page","link":"https:\/\/www.juanitobaeza.com\/?page_id=104","title":{"rendered":"Historia"},"content":{"rendered":"\n<div class=\"wp-container-1 wp-block-buttons\"><\/div>\n\n\n\n<figure class=\"wp-block-image size-large\"><img loading=\"lazy\" width=\"800\" height=\"632\" src=\"https:\/\/www.juanitobaeza.com\/wp-content\/uploads\/2021\/12\/portada-fotos-1.jpg\" alt=\"\" class=\"wp-image-127\" srcset=\"https:\/\/www.juanitobaeza.com\/wp-content\/uploads\/2021\/12\/portada-fotos-1.jpg 800w, https:\/\/www.juanitobaeza.com\/wp-content\/uploads\/2021\/12\/portada-fotos-1-300x237.jpg 300w, https:\/\/www.juanitobaeza.com\/wp-content\/uploads\/2021\/12\/portada-fotos-1-768x607.jpg 768w\" sizes=\"(max-width: 767px) 89vw, (max-width: 1000px) 54vw, (max-width: 1071px) 543px, 580px\" \/><\/figure>\n\n\n\n<div class=\"wp-container-2 wp-block-buttons\">\n<div class=\"wp-block-button aligncenter is-style-outline\"><a class=\"wp-block-button__link has-cyan-bluish-gray-color has-text-color\" href=\"https:\/\/photos.app.goo.gl\/ArhSe66NddGaHbcF8\" target=\"_blank\" rel=\"noreferrer noopener\">ENLACE A LA GALER\u00cdA<\/a><\/div>\n<\/div>\n\n\n\n<hr class=\"wp-block-separator is-style-wide\"\/>\n\n\n\n<figure class=\"wp-block-image size-large\"><img loading=\"lazy\" width=\"800\" height=\"631\" src=\"https:\/\/www.juanitobaeza.com\/wp-content\/uploads\/2021\/12\/portada-fotos-baeza-1.jpg\" alt=\"\" class=\"wp-image-132\" srcset=\"https:\/\/www.juanitobaeza.com\/wp-content\/uploads\/2021\/12\/portada-fotos-baeza-1.jpg 800w, https:\/\/www.juanitobaeza.com\/wp-content\/uploads\/2021\/12\/portada-fotos-baeza-1-300x237.jpg 300w, https:\/\/www.juanitobaeza.com\/wp-content\/uploads\/2021\/12\/portada-fotos-baeza-1-768x606.jpg 768w\" sizes=\"(max-width: 767px) 89vw, (max-width: 1000px) 54vw, (max-width: 1071px) 543px, 580px\" \/><\/figure>\n\n\n\n<div class=\"wp-container-3 wp-block-buttons\">\n<div class=\"wp-block-button is-style-outline\"><a class=\"wp-block-button__link\" href=\"https:\/\/goo.gl\/photos\/SMoTcZdak2R1qR9B8\" target=\"_blank\" rel=\"noreferrer noopener\">ENLACE A LA GALER\u00cdA<\/a><\/div>\n<\/div>\n\n\n\n<hr class=\"wp-block-separator is-style-wide\"\/>\n\n\n\n<div class=\"wp-container-4 wp-block-buttons\"><\/div>\n\n\n\n<div class=\"wp-container-5 wp-block-buttons\"><\/div>\n\n\n\n<figure class=\"wp-block-embed is-type-video is-provider-youtube wp-block-embed-youtube wp-embed-aspect-16-9 wp-has-aspect-ratio\"><div class=\"wp-block-embed__wrapper\">\n<iframe loading=\"lazy\" title=\"SEMANA SANTA BAEZA 2022 V\u00cdDEO OFICIAL AGRUPACI\u00d3N ARCIPRESTAL DE COFRAD\u00cdAS\" width=\"525\" height=\"295\" src=\"https:\/\/www.youtube.com\/embed\/02GcZOThi2g?feature=oembed\" frameborder=\"0\" allow=\"accelerometer; autoplay; clipboard-write; encrypted-media; gyroscope; picture-in-picture; web-share\" allowfullscreen><\/iframe>\n<\/div><\/figure>\n\n\n\n<p class=\"has-text-align-center\"><em>V\u00cdDEO OFICIAL SEMANA SANTA BAEZA 2022<\/em><\/p>\n\n\n\n<hr class=\"wp-block-separator is-style-wide\"\/>\n\n\n\n<figure class=\"wp-block-embed is-type-video is-provider-youtube wp-block-embed-youtube wp-embed-aspect-16-9 wp-has-aspect-ratio\"><div class=\"wp-block-embed__wrapper\">\n<iframe loading=\"lazy\" title=\"BAEZA, una vista ra\u0301pida\" width=\"525\" height=\"295\" src=\"https:\/\/www.youtube.com\/embed\/j06hDxpKLys?feature=oembed\" frameborder=\"0\" allow=\"accelerometer; autoplay; clipboard-write; encrypted-media; gyroscope; picture-in-picture; web-share\" allowfullscreen><\/iframe>\n<\/div><figcaption>BAEZA EN FOTOGRAF\u00cdAS<\/figcaption><\/figure>\n","protected":false},"excerpt":{"rendered":"<p>V\u00cdDEO OFICIAL SEMANA SANTA BAEZA 2022<\/p>\n","protected":false},"author":1,"featured_media":0,"parent":0,"menu_order":0,"comment_status":"closed","ping_status":"closed","template":"","meta":[],"_links":{"self":[{"href":"https:\/\/www.juanitobaeza.com\/index.php?rest_route=\/wp\/v2\/pages\/104"}],"collection":[{"href":"https:\/\/www.juanitobaeza.com\/index.php?rest_route=\/wp\/v2\/pages"}],"about":[{"href":"https:\/\/www.juanitobaeza.com\/index.php?rest_route=\/wp\/v2\/types\/page"}],"author":[{"embeddable":true,"href":"https:\/\/www.juanitobaeza.com\/index.php?rest_route=\/wp\/v2\/users\/1"}],"replies":[{"embeddable":true,"href":"https:\/\/www.juanitobaeza.com\/index.php?rest_route=%2Fwp%2Fv2%2Fcomments&post=104"}],"version-history":[{"count":26,"href":"https:\/\/www.juanitobaeza.com\/index.php?rest_route=\/wp\/v2\/pages\/104\/revisions"}],"predecessor-version":[{"id":395,"href":"https:\/\/www.juanitobaeza.com\/index.php?rest_route=\/wp\/v2\/pages\/104\/revisions\/395"}],"wp:attachment":[{"href":"https:\/\/www.juanitobaeza.com\/index.php?rest_route=%2Fwp%2Fv2%2Fmedia&parent=104"}],"curies":[{"name":"wp","href":"https:\/\/api.w.org\/{rel}","templated":true}]}}